{"id":2779,"date":"2021-03-04T09:55:39","date_gmt":"2021-03-04T09:55:39","guid":{"rendered":"https:\/\/eptechnologies.dk\/?page_id=2779"},"modified":"2022-09-23T09:22:20","modified_gmt":"2022-09-23T09:22:20","slug":"%d8%a8%d8%b7%d8%a7%d8%b1%d9%8a%d8%a9-%d8%b9%d8%a7%d9%84%d9%8a%d8%a9-%d8%a7%d9%84%d8%ac%d9%87%d8%af-%d8%a7%d9%84%d8%b9%d8%a7%d9%84%d9%8a-%d8%a7%d9%84%d8%b7%d8%a7%d9%82%d8%a9-%d8%a7%d9%84%d8%b9%d8%a7-2","status":"publish","type":"page","link":"https:\/\/eptechnologies.dk\/ar\/%d8%a8%d8%b7%d8%a7%d8%b1%d9%8a%d8%a9-%d8%b9%d8%a7%d9%84%d9%8a%d8%a9-%d8%a7%d9%84%d8%ac%d9%87%d8%af-%d8%a7%d9%84%d8%b9%d8%a7%d9%84%d9%8a-%d8%a7%d9%84%d8%b7%d8%a7%d9%82%d8%a9-%d8%a7%d9%84%d8%b9%d8%a7-2\/","title":{"rendered":"\u0628\u0637\u0627\u0631\u064a\u0629 \u0639\u0627\u0644\u064a\u0629 \u0627\u0644\u0637\u0627\u0642\u0629 \u0639\u0627\u0644\u064a\u0629 \u0627\u0644\u062c\u0647\u062f"},"content":{"rendered":"<h2 class=\"has-text-align-center wp-block-heading\" id=\"h-battery-high-voltage-super-high-power-packs\">\u0627\u0644\u0628\u0637\u0627\u0631\u064a\u0627\u062a \u0639\u0627\u0644\u064a\u0629 \u0627\u0644\u062c\u0647\u062f \/ \u062d\u0632\u0645 \u0627\u0644\u0637\u0627\u0642\u0629 \u0627\u0644\u0639\u0627\u0644\u064a\u0629 \u062c\u062f\u0627\u064b<\/h2>\n\n\n\n<div style=\"height:61px\" aria-hidden=\"true\" class=\"wp-block-spacer\"><\/div>\n\n\n\n\n\n<div style=\"height:100px\" aria-hidden=\"true\" class=\"wp-block-spacer\"><\/div>\n\n\n\n<p>\u062a\u0639\u062f \u0628\u0637\u0627\u0631\u064a\u0627\u062a LiHv (\u0628\u0637\u0627\u0631\u064a\u0627\u062a \u0627\u0644\u0644\u064a\u062b\u064a\u0648\u0645 \u0639\u0627\u0644\u064a\u0629 \u0627\u0644\u062c\u0647\u062f) \u0623\u0643\u062b\u0631 \u0627\u0633\u062a\u0647\u0644\u0627\u0643\u0627\u064b \u0644\u0644\u0637\u0627\u0642\u0629 \u0645\u0646 \u0628\u0637\u0627\u0631\u064a\u0627\u062a LiPo \u0627\u0644\u062a\u0642\u0644\u064a\u062f\u064a\u0629 (<a href=\"https:\/\/en.wikipedia.org\/wiki\/Lithium_iron_phosphate_battery\">\u0641\u0648\u0633\u0641\u0627\u062a \u062d\u062f\u064a\u062f \u0627\u0644\u0644\u064a\u062b\u064a\u0648\u0645<\/a>) \u0627\u0644\u0628\u0637\u0627\u0631\u064a\u0627\u062a. \u0648\u0647\u0648 \u062d\u0627\u0635\u0644 \u0636\u0631\u0628 \u0627\u0644\u062c\u0647\u062f \u0627\u0644\u0627\u0633\u0645\u064a \u0648\u0633\u0639\u0629 \u0627\u0644\u0628\u0637\u0627\u0631\u064a\u0629 \u0645\u0642\u0633\u0648\u0645\u064b\u0627 \u0639\u0644\u0649 \u062d\u062c\u0645 \u0627\u0644\u0628\u0637\u0627\u0631\u064a\u0629 \u0623\u0648 \u0648\u0632\u0646\u0647\u0627. \u0627\u0633\u062a\u0646\u0627\u062f\u0627\u064b \u0625\u0644\u0649 \u0627\u0644\u0645\u0633\u0627\u062d\u0629 \u0648\u0627\u0644\u0648\u0632\u0646 \u0627\u0644\u0645\u062d\u062f\u0648\u062f\u064a\u0646 \u0644\u0645\u0635\u062f\u0631 \u0627\u0644\u0637\u0627\u0642\u0629\u060c \u064a\u0645\u0643\u0646 \u0632\u064a\u0627\u062f\u0629 \u0637\u0627\u0642\u0629 \u0627\u0644\u0628\u0637\u0627\u0631\u064a\u0629 \u0645\u0646 \u062e\u0644\u0627\u0644 \u0632\u064a\u0627\u062f\u0629 \u062c\u0647\u062f \u0627\u0644\u0634\u062d\u0646\u060c \u062d\u064a\u062b \u0646\u0631\u0649 \u0632\u064a\u0627\u062f\u0629 \u0627\u0644\u062c\u0647\u062f \u0627\u0644\u0643\u0647\u0631\u0628\u0627\u0626\u064a \u0627\u0644\u0645\u0634\u062d\u0648\u0646 \u0628\u0627\u0644\u0643\u0627\u0645\u0644 \u0645\u0646 3.5 \u0641\u0648\u0644\u062a \u0645\u062b\u0644\u0627\u064b \u0625\u0644\u0649 3.85 \u0641\u0648\u0644\u062a.<\/p>\n\n\n\n<p>\u064a\u062a\u0645 \u062a\u0636\u0645\u064a\u0646 \u062f\u0648\u0627\u0626\u0631 \u0645\u0627 \u0642\u0628\u0644 \u0627\u0644\u0634\u062d\u0646 \u0641\u064a \u0643\u0644 \u0633\u0644\u0633\u0644\u0629 \u0628\u0637\u0627\u0631\u064a\u0629 \u0648\u0645\u0631\u0627\u0642\u0628\u0629 \u0627\u0644\u0639\u0632\u0644 \u0648\u062d\u0633\u0627\u0628\u0627\u062a \u062d\u0627\u0644\u0629 \u0627\u0644\u0634\u062d\u0646 \u0648\u062d\u0627\u0644\u0629 \u0627\u0644\u0635\u062d\u0629 \u0623\u064a\u0636\u064b\u0627.<\/p>\n\n\n\n<p>\u0633\u064a\u0642\u0648\u0645 \u0641\u0631\u064a\u0642\u0646\u0627 \u0628\u0625\u0631\u0634\u0627\u062f\u0643 \u0648\u0645\u0633\u0627\u0639\u062f\u062a\u0643 \u0641\u064a \u0647\u0630\u0647 \u0627\u0644\u0639\u0645\u0644\u064a\u0629 \u0628\u0634\u0623\u0646 \u0645\u0627 \u0633\u062a\u062d\u062a\u0627\u062c\u0647 \u0644\u0643\u064a \u062a\u062d\u0635\u0644 \u0639\u0644\u0649 \u0623\u0641\u0636\u0644 \u062a\u062c\u0631\u0628\u0629. \u0645\u0646 \u0627\u0644\u0645\u0647\u0645 \u0625\u064a\u062c\u0627\u062f \u0627\u0644\u062a\u0648\u0627\u0632\u0646 \u0628\u064a\u0646 \u0648\u0632\u0646 \u0627\u0644\u0648\u0639\u0627\u0621 \u0648\u0627\u0644\u0637\u0627\u0642\u0629 \u0627\u0644\u0644\u0627\u0632\u0645\u0629.<\/p>\n\n\n\n<div style=\"height:100px\" aria-hidden=\"true\" class=\"wp-block-spacer\"><\/div>\n\n\n\n<h2 class=\"has-text-align-center wp-block-heading\" id=\"h-mechanical-electrical-data\">\u0627\u0644\u0628\u064a\u0627\u0646\u0627\u062a \u0627\u0644\u0645\u064a\u0643\u0627\u0646\u064a\u0643\u064a\u0629 \u0648\u0627\u0644\u0643\u0647\u0631\u0628\u0627\u0626\u064a\u0629<\/h2>\n\n\n\n<figure class=\"wp-block-table aligncenter is-style-stripes\"><table><tbody><tr><td class=\"has-text-align-left\" data-align=\"left\">\u0627\u0644\u0627\u0633\u0645\u064a<\/td><td class=\"has-text-align-left\" data-align=\"left\">88.8 \u0641\u0648\u0644\u062a \u0645\u0646<\/td><\/tr><tr><td class=\"has-text-align-left\" data-align=\"left\">\u0627\u0644\u0637\u0627\u0642\u0629 \u0627\u0644\u0627\u0633\u062a\u064a\u0639\u0627\u0628\u064a\u0629<\/td><td class=\"has-text-align-left\" data-align=\"left\">10.7 \u0643\u064a\u0644\u0648 \u0648\u0627\u062a\/\u0633\u0627\u0639\u0629 \u0645\u0646<\/td><\/tr><tr><td class=\"has-text-align-left\" data-align=\"left\">\u0645\u0627\u0643\u0633 \u064a\u0633\u062a\u0645\u0631 \u0627\u0644\u0634\u062d\u0646<\/td><td class=\"has-text-align-left\" data-align=\"left\">1.5 \u062f\u0631\u062c\u0629 \u0645\u0626\u0648\u064a\u0629 (2 \u062f\u0631\u062c\u0629 \u0645\u0626\u0648\u064a\u0629 \u0639\u0646\u062f \u0627\u0644\u0637\u0644\u0628)<\/td><\/tr><tr><td class=\"has-text-align-left\" data-align=\"left\">\u0627\u0644\u062d\u062f \u0627\u0644\u0623\u0642\u0635\u0649 \u0644\u0644\u0634\u062d\u0646<\/td><td class=\"has-text-align-left\" data-align=\"left\">2C&nbsp;<\/td><\/tr><tr><td class=\"has-text-align-left\" data-align=\"left\">\u0627\u0644\u062d\u062f \u0627\u0644\u0623\u0642\u0635\u0649 \u0644\u0627\u0633\u062a\u0645\u0631\u0627\u0631 \u0627\u0644\u062a\u0641\u0631\u064a\u063a<\/td><td class=\"has-text-align-left\" data-align=\"left\">2.5C&nbsp;<\/td><\/tr><tr><td class=\"has-text-align-left\" data-align=\"left\">\u0630\u0631\u0648\u0629 \u0627\u0644\u062a\u0641\u0631\u064a\u063a<\/td><td class=\"has-text-align-left\" data-align=\"left\">3 \u062f\u0631\u062c\u0627\u062a \u0645\u0626\u0648\u064a\u0629 \u0644\u0645\u062f\u0629 15 \u062f\u0642\u064a\u0642\u0629\u060c 5 \u062f\u0631\u062c\u0627\u062a \u0645\u0626\u0648\u064a\u0629 \u0644\u0645\u062f\u0629 10 \u062b\u0648\u0627\u0646\u064d \u0639\u0646\u062f 25 \u062f\u0631\u062c\u0629 \u0645\u0626\u0648\u064a\u0629<\/td><\/tr><tr><td class=\"has-text-align-left\" data-align=\"left\">\u0643\u0627\u0646 \u0628\u0627\u0635<\/td><td class=\"has-text-align-left\" data-align=\"left\">250 \u0643\u064a\u0644\u0648 \u0628\u0627\u064a\u062a\/\u062b\u0627\u0646\u064a\u0629 \u0628\u0637\u0627\u0631\u064a\u0627\u062a \u0645\u062a\u0639\u062f\u062f\u0629 \u0639\u0644\u0649 \u0646\u0641\u0633 \u0627\u0644\u0646\u0627\u0642\u0644<\/td><\/tr><tr><td class=\"has-text-align-left\" data-align=\"left\">\u062f\u0648\u0631\u0629 \u0627\u0644\u062d\u064a\u0627\u0629<\/td><td class=\"has-text-align-left\" data-align=\"left\">&gt; 3000 \u0639\u0646\u062f 25 \u062f\u0631\u062c\u0629 \u0645\u0626\u0648\u064a\u0629 0.5 \u062f\u0631\u062c\u0629 \u0645\u0626\u0648\u064a\u0629\/1 \u062f\u0631\u062c\u0629 \u0645\u0626\u0648\u064a\u0629\u060c \u0645\u0646 10% \u0625\u0644\u0649 90% DOD&nbsp;<\/td><\/tr><tr><td class=\"has-text-align-left\" data-align=\"left\">\u0627\u0644\u0641\u0648\u0644\u062a\u064a\u0629<\/td><td class=\"has-text-align-left\" data-align=\"left\">9 \u0639\u0644\u0649 \u0627\u0644\u062a\u0648\u0627\u0644\u064a\u060c 20 \u0639\u0644\u0649 \u0627\u0644\u062a\u0648\u0627\u0632\u064a<\/td><\/tr><tr><td class=\"has-text-align-left\" data-align=\"left\">\u0641\u0648\u0644\u062a \u0645\u0627\u0643\u0633<\/td><td class=\"has-text-align-left\" data-align=\"left\">101 \u0641\u0648\u0644\u062a \u0643\u062d\u062f \u0623\u0642\u0635\u0649 \u0645\u0637\u0644\u0642\u060c \u0645\u0648\u0635\u0649 \u0628\u0647 99 \u0641\u0648\u0644\u062a<\/td><\/tr><tr><td class=\"has-text-align-left\" data-align=\"left\">\u0641\u0648\u0644\u062a \u062f\u0642\u064a\u0642\u0629<\/td><td class=\"has-text-align-left\" data-align=\"left\">68 \u0641\u0648\u0644\u062a \u0641\u064a \u0627\u0644\u062d\u062f \u0627\u0644\u0623\u062f\u0646\u0649 \u0627\u0644\u0645\u0637\u0644\u0642\u060c \u0645\u0648\u0635\u0649 \u0628\u0647 76 \u0641\u0648\u0644\u062a<\/td><\/tr><tr><td class=\"has-text-align-left\" data-align=\"left\">\u0646\u0637\u0627\u0642 \u062f\u0631\u062c\u0629 \u0627\u0644\u062d\u0631\u0627\u0631\u0629<\/td><td class=\"has-text-align-left\" data-align=\"left\">\u0645\u0646 5 \u062f\u0631\u062c\u0627\u062a \u0645\u0626\u0648\u064a\u0629 \u062a\u062d\u062a \u0627\u0644\u0635\u0641\u0631 \u0625\u0644\u0649 45 \u062f\u0631\u062c\u0629 \u0645\u0626\u0648\u064a\u0629 \u062a\u062d\u062a \u0627\u0644\u0635\u0641\u0631<\/td><\/tr><tr><td class=\"has-text-align-left\" data-align=\"left\">\u0627\u0644\u0636\u0645\u064a\u0645\u0629<\/td><td class=\"has-text-align-left\" data-align=\"left\">ALU\u060c IP 54\u060c IP 65 \u0639\u0646\u062f \u0627\u0644\u0637\u0644\u0628<\/td><\/tr><tr><td class=\"has-text-align-left\" data-align=\"left\">\u062d\u0627\u0645\u0644 \u0627\u0644\u0646\u0638\u0627\u0645<\/td><td class=\"has-text-align-left\" data-align=\"left\">\u0642\u0627\u0628\u0644 \u0644\u0644\u062a\u0643\u062f\u064a\u0633<\/td><\/tr><tr><td class=\"has-text-align-left\" data-align=\"left\">\u0627\u0644\u0648\u0632\u0646<\/td><td class=\"has-text-align-left\" data-align=\"left\">78 \u0643\u062c\u0645 \u0639\u0646\u062f 10.7 \u0643\u064a\u0644\u0648\u0648\u0627\u0637\/\u0633\u0627\u0639\u0629 = 7.3 \u0643\u062c\u0645 \u0644\u0643\u0644 \u0643\u064a\u0644\u0648\u0648\u0627\u0637\/\u0633\u0627\u0639\u0629 \u0623\u0648 136 \u0648\u0627\u0637 \u0644\u0643\u0644 \u0643\u062c\u0645<\/td><\/tr><tr><td class=\"has-text-align-left\" data-align=\"left\">\u0627\u0644\u0623\u0628\u0639\u0627\u062f<\/td><td class=\"has-text-align-left\" data-align=\"left\">320 \u00d7 330 \u00d7 630 \u00d7 630 \u0645\u0645<\/td><\/tr><tr><td class=\"has-text-align-left\" data-align=\"left\">\u0627\u0644\u062a\u0635\u0645\u064a\u0645<\/td><td class=\"has-text-align-left\" data-align=\"left\">\u062a\u0635\u0645\u064a\u0645 \u0648\u062d\u062c\u0645 \u0645\u062e\u0635\u0635\u064a\u0646 \u0645\u0645\u0643\u0646<\/td><\/tr><tr><td class=\"has-text-align-left\" data-align=\"left\">\u0627\u0644\u062d\u0645\u0627\u064a\u0629 \u0645\u0646 \u0627\u0644\u062d\u0631\u0627\u0626\u0642<\/td><td class=\"has-text-align-left\" data-align=\"left\">\u0646\u0638\u0627\u0645 \u0625\u0637\u0641\u0627\u0621 \u0627\u0644\u062d\u0631\u064a\u0642 \u0627\u0644\u062f\u0627\u062e\u0644\u064a \u0627\u0644\u0627\u062e\u062a\u064a\u0627\u0631\u064a<\/td><\/tr><tr><td class=\"has-text-align-left\" data-align=\"left\">\u062d\u0645\u0627\u064a\u0629 \u0639\u0644\u0649 \u0645\u0633\u062a\u0648\u0649 \u0627\u0644\u062e\u0644\u064a\u0629<\/td><td class=\"has-text-align-left\" data-align=\"left\">\u0645\u0628\u064a\u062a \u062e\u0644\u064a\u0629 SS \u0648\u0627\u062d\u062f\u0629 SS<\/td><\/tr><tr><td class=\"has-text-align-left\" data-align=\"left\">\u0627\u0644\u0634\u0647\u0627\u062f\u0627\u062a<\/td><td class=\"has-text-align-left\" data-align=\"left\">\u0645\u060c \u0631\u0642\u0645 \u0627\u0644\u0623\u0645\u0645 \u0627\u0644\u0645\u062a\u062d\u062f\u0629 38.3<\/td><\/tr><tr><td class=\"has-text-align-left\" data-align=\"left\">\u0627\u0644\u0636\u0645\u0627\u0646<\/td><td class=\"has-text-align-left\" data-align=\"left\">2 \u0633\u0646\u0648\u0627\u062a\u060c 3 \u0633\u0646\u0648\u0627\u062a \u0627\u062e\u062a\u064a\u0627\u0631\u064a\u0629<\/td><\/tr><tr><td class=\"has-text-align-left\" data-align=\"left\">\u0627\u0644\u0633\u0639\u0631 \u062d\u062a\u0649 10 \u0642\u0637\u0639<\/td><td class=\"has-text-align-left\" data-align=\"left\">\u0639\u0646\u062f \u0627\u0644\u0637\u0644\u0628\u060c \u062a\u0646\u0627\u0641\u0633\u064a\u0629 \u0628\u0634\u0643\u0644 \u0648\u0627\u0636\u062d<\/td><\/tr><tr><td class=\"has-text-align-left\" data-align=\"left\">\u0627\u0644\u0633\u0639\u0631 \u0623\u0643\u062b\u0631 \u0645\u0646 50 \u0642\u0637\u0639\u0629<\/td><td class=\"has-text-align-left\" data-align=\"left\">\u0639\u0646\u062f \u0627\u0644\u0637\u0644\u0628\u060c \u062a\u0646\u0627\u0641\u0633\u064a\u0629 \u0628\u0634\u0643\u0644 \u0648\u0627\u0636\u062d<\/td><\/tr><tr><td class=\"has-text-align-left\" data-align=\"left\">\u0643\u0645\u064a\u0627\u062a \u0623\u0643\u0628\u0631<\/td><td class=\"has-text-align-left\" data-align=\"left\">\u0639\u0646\u062f \u0627\u0644\u0637\u0644\u0628\u060c \u062a\u0646\u0627\u0641\u0633\u064a\u0629 \u0628\u0634\u0643\u0644 \u0648\u0627\u0636\u062d<\/td><\/tr><\/tbody><\/table><\/figure>\n\n\n\n<div style=\"height:43px\" aria-hidden=\"true\" class=\"wp-block-spacer\"><\/div>\n\n\n\n\n\n<div style=\"height:120px\" aria-hidden=\"true\" class=\"wp-block-spacer\"><\/div>\n\n\n\n<p><\/p>","protected":false},"excerpt":{"rendered":"<p>Battery High Voltage \/ Super High Power Packs The LiHv (Lithium High Voltage) batteries are more energy-intensive than traditional LiPo (Lithium iron phosphate) batteries. It is the product of the nominal voltage and the capacity of a battery divided by the batteries volume or weight. Based on the limited space and weight of the power&#8230;<\/p>","protected":false},"author":3,"featured_media":0,"parent":0,"menu_order":0,"comment_status":"closed","ping_status":"closed","template":"","meta":{"om_disable_all_campaigns":false,"_kb_optimizer_status":0,"_kad_blocks_custom_css":"","_kad_blocks_head_custom_js":"","_kad_blocks_body_custom_js":"","_kad_blocks_footer_custom_js":"","_uf_show_specific_survey":0,"_uf_disable_surveys":false,"_kadence_starter_templates_imported_post":false,"_kad_post_transparent":"","_kad_post_title":"","_kad_post_layout":"","_kad_post_sidebar_id":"","_kad_post_content_style":"","_kad_post_vertical_padding":"","_kad_post_feature":"","_kad_post_feature_position":"","_kad_post_header":false,"_kad_post_footer":false,"_kad_post_classname":"","footnotes":""},"class_list":["post-2779","page","type-page","status-publish","hentry"],"yoast_head":"<!-- This site is optimized with the Yoast SEO Premium plugin v26.9 (Yoast SEO v27.1.1) - https:\/\/yoast.com\/product\/yoast-seo-premium-wordpress\/ -->\n<title>Battery HV High Power - EPTechnologies - Silent Sailing<\/title>\n<meta name=\"description\" content=\"The LiHv (Lithium High Voltage) batteries are more energy-intensive than traditional LiPo ( lithium-ion polymer battery) batteries\" \/>\n<meta name=\"robots\" content=\"index, follow, max-snippet:-1, max-image-preview:large, max-video-preview:-1\" \/>\n<link rel=\"canonical\" href=\"https:\/\/eptechnologies.dk\/ar\/\u0628\u0637\u0627\u0631\u064a\u0629-\u0639\u0627\u0644\u064a\u0629-\u0627\u0644\u062c\u0647\u062f-\u0627\u0644\u0639\u0627\u0644\u064a-\u0627\u0644\u0637\u0627\u0642\u0629-\u0627\u0644\u0639\u0627-2\/\" \/>\n<meta property=\"og:locale\" content=\"ar_AR\" \/>\n<meta property=\"og:type\" content=\"article\" \/>\n<meta property=\"og:title\" content=\"Battery HV High Power\" \/>\n<meta property=\"og:description\" content=\"Battery High Voltage \/ Super High Power Packs The LiHv (Lithium High Voltage) batteries are more energy-intensive than traditional LiPo (Lithium iron\" \/>\n<meta property=\"og:url\" content=\"https:\/\/eptechnologies.dk\/ar\/\u0628\u0637\u0627\u0631\u064a\u0629-\u0639\u0627\u0644\u064a\u0629-\u0627\u0644\u062c\u0647\u062f-\u0627\u0644\u0639\u0627\u0644\u064a-\u0627\u0644\u0637\u0627\u0642\u0629-\u0627\u0644\u0639\u0627-2\/\" \/>\n<meta property=\"og:site_name\" content=\"EPTechnologies - Silent Sailing\" \/>\n<meta property=\"article:publisher\" content=\"https:\/\/www.facebook.com\/Silentboats\/\" \/>\n<meta property=\"article:modified_time\" content=\"2022-09-23T09:22:20+00:00\" \/>\n<meta name=\"twitter:card\" content=\"summary_large_image\" \/>\n<meta name=\"twitter:label1\" content=\"\u0648\u0642\u062a \u0627\u0644\u0642\u0631\u0627\u0621\u0629 \u0627\u0644\u0645\u064f\u0642\u062f\u0651\u0631\" \/>\n\t<meta name=\"twitter:data1\" content=\"\u062f\u0642\u064a\u0642\u0629 \u0648\u0627\u062d\u062f\u0629\" \/>\n<script type=\"application\/ld+json\" class=\"yoast-schema-graph\">{\"@context\":\"https:\/\/schema.org\",\"@graph\":[{\"@type\":\"WebPage\",\"@id\":\"https:\/\/eptechnologies.dk\/battery-high-voltage-high-power\/\",\"url\":\"https:\/\/eptechnologies.dk\/battery-high-voltage-high-power\/\",\"name\":\"Battery HV High Power - EPTechnologies - Silent Sailing\",\"isPartOf\":{\"@id\":\"https:\/\/eptechnologies.dk\/#website\"},\"datePublished\":\"2021-03-04T09:55:39+00:00\",\"dateModified\":\"2022-09-23T09:22:20+00:00\",\"description\":\"The LiHv (Lithium High Voltage) batteries are more energy-intensive than traditional LiPo ( lithium-ion polymer battery) batteries\",\"breadcrumb\":{\"@id\":\"https:\/\/eptechnologies.dk\/battery-high-voltage-high-power\/#breadcrumb\"},\"inLanguage\":\"ar\",\"potentialAction\":[{\"@type\":\"ReadAction\",\"target\":[\"https:\/\/eptechnologies.dk\/battery-high-voltage-high-power\/\"]}]},{\"@type\":\"BreadcrumbList\",\"@id\":\"https:\/\/eptechnologies.dk\/battery-high-voltage-high-power\/#breadcrumb\",\"itemListElement\":[{\"@type\":\"ListItem\",\"position\":1,\"name\":\"Home\",\"item\":\"https:\/\/eptechnologies.dk\/\"},{\"@type\":\"ListItem\",\"position\":2,\"name\":\"Battery HV High Power\"}]},{\"@type\":\"WebSite\",\"@id\":\"https:\/\/eptechnologies.dk\/#website\",\"url\":\"https:\/\/eptechnologies.dk\/\",\"name\":\"Eptechnologies - Silent Sailing\",\"description\":\"Energy Powered Technologies\",\"publisher\":{\"@id\":\"https:\/\/eptechnologies.dk\/#organization\"},\"alternateName\":\"EPT\",\"potentialAction\":[{\"@type\":\"SearchAction\",\"target\":{\"@type\":\"EntryPoint\",\"urlTemplate\":\"https:\/\/eptechnologies.dk\/?s={search_term_string}\"},\"query-input\":{\"@type\":\"PropertyValueSpecification\",\"valueRequired\":true,\"valueName\":\"search_term_string\"}}],\"inLanguage\":\"ar\"},{\"@type\":\"Organization\",\"@id\":\"https:\/\/eptechnologies.dk\/#organization\",\"name\":\"EPTechnologies\",\"url\":\"https:\/\/eptechnologies.dk\/\",\"logo\":{\"@type\":\"ImageObject\",\"inLanguage\":\"ar\",\"@id\":\"https:\/\/eptechnologies.dk\/#\/schema\/logo\/image\/\",\"url\":\"https:\/\/eptechnologies.dk\/wp-content\/uploads\/2022\/11\/EPTechnologies_logo.png\",\"contentUrl\":\"https:\/\/eptechnologies.dk\/wp-content\/uploads\/2022\/11\/EPTechnologies_logo.png\",\"width\":1181,\"height\":191,\"caption\":\"EPTechnologies\"},\"image\":{\"@id\":\"https:\/\/eptechnologies.dk\/#\/schema\/logo\/image\/\"},\"sameAs\":[\"https:\/\/www.facebook.com\/Silentboats\/\",\"https:\/\/www.instagram.com\/eptechnologies1\/\",\"https:\/\/www.linkedin.com\/company\/eptechnologies\/\",\"https:\/\/www.youtube.com\/@eptechnologies8242\"],\"description\":\"EPTechnologies provides electric and hybrid marine propulsion systems, including batteries, drives, generators and control software for marine applications.\",\"email\":\"sales@eptechnologies.de\",\"telephone\":\"+45 30 20 96 94\",\"legalName\":\"EPTechnologies ApS\",\"foundingDate\":\"2015-02-03\",\"vatID\":\"32327532\",\"numberOfEmployees\":{\"@type\":\"QuantitativeValue\",\"minValue\":\"51\",\"maxValue\":\"200\"}}]}<\/script>\n<!-- \/ Yoast SEO Premium plugin. -->","yoast_head_json":{"title":"\u0628\u0637\u0627\u0631\u064a\u0629 \u0639\u0627\u0644\u064a\u0629 \u0627\u0644\u0637\u0627\u0642\u0629 \u0639\u0627\u0644\u064a\u0629 \u0627\u0644\u062c\u0647\u062f - EPTechnologies - \u0627\u0644\u0625\u0628\u062d\u0627\u0631 \u0627\u0644\u0635\u0627\u0645\u062a","description":"\u062a\u064f\u0639\u062f \u0628\u0637\u0627\u0631\u064a\u0627\u062a LiHv (\u0628\u0637\u0627\u0631\u064a\u0627\u062a \u0627\u0644\u0644\u064a\u062b\u064a\u0648\u0645 \u0639\u0627\u0644\u064a\u0629 \u0627\u0644\u062c\u0647\u062f) \u0623\u0643\u062b\u0631 \u0627\u0633\u062a\u0647\u0644\u0627\u0643\u064b\u0627 \u0644\u0644\u0637\u0627\u0642\u0629 \u0645\u0646 \u0628\u0637\u0627\u0631\u064a\u0627\u062a LiPo (\u0628\u0637\u0627\u0631\u064a\u0627\u062a \u0628\u0648\u0644\u064a\u0645\u0631 \u0627\u0644\u0644\u064a\u062b\u064a\u0648\u0645 \u0623\u064a\u0648\u0646 \u0627\u0644\u062a\u0642\u0644\u064a\u062f\u064a\u0629)","robots":{"index":"index","follow":"follow","max-snippet":"max-snippet:-1","max-image-preview":"max-image-preview:large","max-video-preview":"max-video-preview:-1"},"canonical":"https:\/\/eptechnologies.dk\/ar\/\u0628\u0637\u0627\u0631\u064a\u0629-\u0639\u0627\u0644\u064a\u0629-\u0627\u0644\u062c\u0647\u062f-\u0627\u0644\u0639\u0627\u0644\u064a-\u0627\u0644\u0637\u0627\u0642\u0629-\u0627\u0644\u0639\u0627-2\/","og_locale":"ar_AR","og_type":"article","og_title":"Battery HV High Power","og_description":"Battery High Voltage \/ Super High Power Packs The LiHv (Lithium High Voltage) batteries are more energy-intensive than traditional LiPo (Lithium iron","og_url":"https:\/\/eptechnologies.dk\/ar\/\u0628\u0637\u0627\u0631\u064a\u0629-\u0639\u0627\u0644\u064a\u0629-\u0627\u0644\u062c\u0647\u062f-\u0627\u0644\u0639\u0627\u0644\u064a-\u0627\u0644\u0637\u0627\u0642\u0629-\u0627\u0644\u0639\u0627-2\/","og_site_name":"EPTechnologies - Silent Sailing","article_publisher":"https:\/\/www.facebook.com\/Silentboats\/","article_modified_time":"2022-09-23T09:22:20+00:00","twitter_card":"summary_large_image","twitter_misc":{"\u0648\u0642\u062a \u0627\u0644\u0642\u0631\u0627\u0621\u0629 \u0627\u0644\u0645\u064f\u0642\u062f\u0651\u0631":"\u062f\u0642\u064a\u0642\u0629 \u0648\u0627\u062d\u062f\u0629"},"schema":{"@context":"https:\/\/schema.org","@graph":[{"@type":"WebPage","@id":"https:\/\/eptechnologies.dk\/battery-high-voltage-high-power\/","url":"https:\/\/eptechnologies.dk\/battery-high-voltage-high-power\/","name":"\u0628\u0637\u0627\u0631\u064a\u0629 \u0639\u0627\u0644\u064a\u0629 \u0627\u0644\u0637\u0627\u0642\u0629 \u0639\u0627\u0644\u064a\u0629 \u0627\u0644\u062c\u0647\u062f - EPTechnologies - \u0627\u0644\u0625\u0628\u062d\u0627\u0631 \u0627\u0644\u0635\u0627\u0645\u062a","isPartOf":{"@id":"https:\/\/eptechnologies.dk\/#website"},"datePublished":"2021-03-04T09:55:39+00:00","dateModified":"2022-09-23T09:22:20+00:00","description":"\u062a\u064f\u0639\u062f \u0628\u0637\u0627\u0631\u064a\u0627\u062a LiHv (\u0628\u0637\u0627\u0631\u064a\u0627\u062a \u0627\u0644\u0644\u064a\u062b\u064a\u0648\u0645 \u0639\u0627\u0644\u064a\u0629 \u0627\u0644\u062c\u0647\u062f) \u0623\u0643\u062b\u0631 \u0627\u0633\u062a\u0647\u0644\u0627\u0643\u064b\u0627 \u0644\u0644\u0637\u0627\u0642\u0629 \u0645\u0646 \u0628\u0637\u0627\u0631\u064a\u0627\u062a LiPo (\u0628\u0637\u0627\u0631\u064a\u0627\u062a \u0628\u0648\u0644\u064a\u0645\u0631 \u0627\u0644\u0644\u064a\u062b\u064a\u0648\u0645 \u0623\u064a\u0648\u0646 \u0627\u0644\u062a\u0642\u0644\u064a\u062f\u064a\u0629)","breadcrumb":{"@id":"https:\/\/eptechnologies.dk\/battery-high-voltage-high-power\/#breadcrumb"},"inLanguage":"ar","potentialAction":[{"@type":"ReadAction","target":["https:\/\/eptechnologies.dk\/battery-high-voltage-high-power\/"]}]},{"@type":"BreadcrumbList","@id":"https:\/\/eptechnologies.dk\/battery-high-voltage-high-power\/#breadcrumb","itemListElement":[{"@type":"ListItem","position":1,"name":"Home","item":"https:\/\/eptechnologies.dk\/"},{"@type":"ListItem","position":2,"name":"Battery HV High Power"}]},{"@type":"WebSite","@id":"https:\/\/eptechnologies.dk\/#website","url":"https:\/\/eptechnologies.dk\/","name":"\u0627\u0644\u062a\u0642\u0646\u064a\u0627\u062a \u0627\u0644\u0625\u0644\u0643\u062a\u0631\u0648\u0646\u064a\u0629 - \u0627\u0644\u0625\u0628\u062d\u0627\u0631 \u0627\u0644\u0635\u0627\u0645\u062a","description":"\u0627\u0644\u062a\u0642\u0646\u064a\u0627\u062a \u0627\u0644\u062a\u064a \u062a\u0639\u0645\u0644 \u0628\u0627\u0644\u0637\u0627\u0642\u0629","publisher":{"@id":"https:\/\/eptechnologies.dk\/#organization"},"alternateName":"EPT","potentialAction":[{"@type":"SearchAction","target":{"@type":"EntryPoint","urlTemplate":"https:\/\/eptechnologies.dk\/?s={search_term_string}"},"query-input":{"@type":"PropertyValueSpecification","valueRequired":true,"valueName":"search_term_string"}}],"inLanguage":"ar"},{"@type":"Organization","@id":"https:\/\/eptechnologies.dk\/#organization","name":"\u062a\u0642\u0646\u064a\u0627\u062a EPTechnologies","url":"https:\/\/eptechnologies.dk\/","logo":{"@type":"ImageObject","inLanguage":"ar","@id":"https:\/\/eptechnologies.dk\/#\/schema\/logo\/image\/","url":"https:\/\/eptechnologies.dk\/wp-content\/uploads\/2022\/11\/EPTechnologies_logo.png","contentUrl":"https:\/\/eptechnologies.dk\/wp-content\/uploads\/2022\/11\/EPTechnologies_logo.png","width":1181,"height":191,"caption":"EPTechnologies"},"image":{"@id":"https:\/\/eptechnologies.dk\/#\/schema\/logo\/image\/"},"sameAs":["https:\/\/www.facebook.com\/Silentboats\/","https:\/\/www.instagram.com\/eptechnologies1\/","https:\/\/www.linkedin.com\/company\/eptechnologies\/","https:\/\/www.youtube.com\/@eptechnologies8242"],"description":"\u062a\u0648\u0641\u0631 \u0634\u0631\u0643\u0629 EPTechnologies \u0623\u0646\u0638\u0645\u0629 \u0627\u0644\u062f\u0641\u0639 \u0627\u0644\u0628\u062d\u0631\u064a \u0627\u0644\u0643\u0647\u0631\u0628\u0627\u0626\u064a\u0629 \u0648\u0627\u0644\u0647\u062c\u064a\u0646\u0629\u060c \u0628\u0645\u0627 \u0641\u064a \u0630\u0644\u0643 \u0627\u0644\u0628\u0637\u0627\u0631\u064a\u0627\u062a \u0648\u0627\u0644\u0645\u062d\u0631\u0643\u0627\u062a \u0648\u0627\u0644\u0645\u0648\u0644\u062f\u0627\u062a \u0648\u0628\u0631\u0627\u0645\u062c \u0627\u0644\u062a\u062d\u0643\u0645 \u0644\u0644\u062a\u0637\u0628\u064a\u0642\u0627\u062a \u0627\u0644\u0628\u062d\u0631\u064a\u0629.","email":"sales@eptechnologies.de","telephone":"+45 30 20 96 94","legalName":"EPTechnologies ApS","foundingDate":"2015-02-03","vatID":"32327532","numberOfEmployees":{"@type":"QuantitativeValue","minValue":"51","maxValue":"200"}}]}},"taxonomy_info":[],"featured_image_src_large":false,"author_info":{"display_name":"Anne","author_link":"https:\/\/eptechnologies.dk\/ar\/author\/marco\/"},"comment_info":0,"_links":{"self":[{"href":"https:\/\/eptechnologies.dk\/ar\/wp-json\/wp\/v2\/pages\/2779","targetHints":{"allow":["GET"]}}],"collection":[{"href":"https:\/\/eptechnologies.dk\/ar\/wp-json\/wp\/v2\/pages"}],"about":[{"href":"https:\/\/eptechnologies.dk\/ar\/wp-json\/wp\/v2\/types\/page"}],"author":[{"embeddable":true,"href":"https:\/\/eptechnologies.dk\/ar\/wp-json\/wp\/v2\/users\/3"}],"replies":[{"embeddable":true,"href":"https:\/\/eptechnologies.dk\/ar\/wp-json\/wp\/v2\/comments?post=2779"}],"version-history":[{"count":0,"href":"https:\/\/eptechnologies.dk\/ar\/wp-json\/wp\/v2\/pages\/2779\/revisions"}],"wp:attachment":[{"href":"https:\/\/eptechnologies.dk\/ar\/wp-json\/wp\/v2\/media?parent=2779"}],"curies":[{"name":"wp","href":"https:\/\/api.w.org\/{rel}","templated":true}]}}