{"id":2779,"date":"2021-03-04T09:55:39","date_gmt":"2021-03-04T09:55:39","guid":{"rendered":"https:\/\/eptechnologies.dk\/?page_id=2779"},"modified":"2022-09-23T09:22:20","modified_gmt":"2022-09-23T09:22:20","slug":"batterie-hohe-spannung-hohe-leistung","status":"publish","type":"page","link":"https:\/\/eptechnologies.dk\/de\/batterie-hohe-spannung-hohe-leistung\/","title":{"rendered":"Batterie HV Hohe Leistung"},"content":{"rendered":"<h2 class=\"has-text-align-center wp-block-heading\" id=\"h-battery-high-voltage-super-high-power-packs\">Batterie Hochspannung \/ Super High Power Packs<\/h2>\n\n\n\n<div style=\"height:61px\" aria-hidden=\"true\" class=\"wp-block-spacer\"><\/div>\n\n\n\n\n\n<div style=\"height:100px\" aria-hidden=\"true\" class=\"wp-block-spacer\"><\/div>\n\n\n\n<p>Die LiHv (Lithium High Voltage) Akkus sind energieintensiver als herk\u00f6mmliche LiPo (<a href=\"https:\/\/en.wikipedia.org\/wiki\/Lithium_iron_phosphate_battery\">Lithium-Eisenphosphat<\/a>) Batterien. Sie ist das Produkt aus der Nennspannung und der Kapazit\u00e4t einer Batterie geteilt durch das Volumen oder Gewicht der Batterie. Aufgrund des begrenzten Platzes und Gewichts des Netzteils kann die Energie des Akkus durch eine Erh\u00f6hung der Ladespannung gesteigert werden, wodurch sich die voll aufgeladene Spannung von sagen wir 3,5 V auf 3,85 V erh\u00f6ht.<\/p>\n\n\n\n<p>Vorladeschaltungen sind in jedem Batteriestrang enthalten, Isolations\u00fcberwachung und SoC- (Ladezustand) und SoH- (Gesundheitszustand) Berechnungen ebenfalls.<\/p>\n\n\n\n<p>Unser Team wird Sie beraten und Ihnen dabei helfen, was Sie brauchen, um die beste Erfahrung zu machen. Es ist wichtig, die Balance zwischen dem Gewicht des Schiffes und der ben\u00f6tigten Leistung zu finden.<\/p>\n\n\n\n<div style=\"height:100px\" aria-hidden=\"true\" class=\"wp-block-spacer\"><\/div>\n\n\n\n<h2 class=\"has-text-align-center wp-block-heading\" id=\"h-mechanical-electrical-data\">Mechanische und elektrische Daten<\/h2>\n\n\n\n<figure class=\"wp-block-table aligncenter is-style-stripes\"><table><tbody><tr><td class=\"has-text-align-left\" data-align=\"left\">Nominell<\/td><td class=\"has-text-align-left\" data-align=\"left\">88,8V Faktor von<\/td><\/tr><tr><td class=\"has-text-align-left\" data-align=\"left\">Kapazit\u00e4t<\/td><td class=\"has-text-align-left\" data-align=\"left\">10,7kWh Faktor von<\/td><\/tr><tr><td class=\"has-text-align-left\" data-align=\"left\">Max. fortgesetzte Ladung<\/td><td class=\"has-text-align-left\" data-align=\"left\">1,5C (2C auf Anfrage)<\/td><\/tr><tr><td class=\"has-text-align-left\" data-align=\"left\">Maximale Ladung<\/td><td class=\"has-text-align-left\" data-align=\"left\">2C&nbsp;<\/td><\/tr><tr><td class=\"has-text-align-left\" data-align=\"left\">Max. fortgesetzte Entladung<\/td><td class=\"has-text-align-left\" data-align=\"left\">2.5C&nbsp;<\/td><\/tr><tr><td class=\"has-text-align-left\" data-align=\"left\">Abflussspitze<\/td><td class=\"has-text-align-left\" data-align=\"left\">3C f\u00fcr 15 min, 5C f\u00fcr 10S @ 25\u00b0C<\/td><\/tr><tr><td class=\"has-text-align-left\" data-align=\"left\">CANBus<\/td><td class=\"has-text-align-left\" data-align=\"left\">250Kb\/S mehrere Batterien auf demselben BUS<\/td><\/tr><tr><td class=\"has-text-align-left\" data-align=\"left\">Lebenszyklus<\/td><td class=\"has-text-align-left\" data-align=\"left\">&gt; 3000 @ 25\u00b0C 0,5C\/1C, 10% bis 90% DOD&nbsp;<\/td><\/tr><tr><td class=\"has-text-align-left\" data-align=\"left\">Spannung<\/td><td class=\"has-text-align-left\" data-align=\"left\">9 in Reihe, 20 parallel<\/td><\/tr><tr><td class=\"has-text-align-left\" data-align=\"left\">Volt Max<\/td><td class=\"has-text-align-left\" data-align=\"left\">101V absolut max, empfohlen 99V<\/td><\/tr><tr><td class=\"has-text-align-left\" data-align=\"left\">Volt Min<\/td><td class=\"has-text-align-left\" data-align=\"left\">68V absolut min, empfohlen 76V<\/td><\/tr><tr><td class=\"has-text-align-left\" data-align=\"left\">Temperaturbereich<\/td><td class=\"has-text-align-left\" data-align=\"left\">minus 5\u00b0C bis 45\u00b0C<\/td><\/tr><tr><td class=\"has-text-align-left\" data-align=\"left\">Gehege<\/td><td class=\"has-text-align-left\" data-align=\"left\">ALU, IP 54, IP 65 auf Anfrage<\/td><\/tr><tr><td class=\"has-text-align-left\" data-align=\"left\">System-Montage<\/td><td class=\"has-text-align-left\" data-align=\"left\">Stapelbar<\/td><\/tr><tr><td class=\"has-text-align-left\" data-align=\"left\">Gewicht<\/td><td class=\"has-text-align-left\" data-align=\"left\">78kg bei 10,7kWh = 7,3kg pro kWh oder 136W pro kg<\/td><\/tr><tr><td class=\"has-text-align-left\" data-align=\"left\">Abmessungen<\/td><td class=\"has-text-align-left\" data-align=\"left\">320 x 330 x 630 mm<\/td><\/tr><tr><td class=\"has-text-align-left\" data-align=\"left\">Gestaltung<\/td><td class=\"has-text-align-left\" data-align=\"left\">Individuelle Gestaltung und Gr\u00f6\u00dfe m\u00f6glich<\/td><\/tr><tr><td class=\"has-text-align-left\" data-align=\"left\">Feuerschutz<\/td><td class=\"has-text-align-left\" data-align=\"left\">Optionales internes Feuerl\u00f6schsystem<\/td><\/tr><tr><td class=\"has-text-align-left\" data-align=\"left\">Schutz der Zellenebene<\/td><td class=\"has-text-align-left\" data-align=\"left\">Geh\u00e4use einer einzelnen SS-Zelle<\/td><\/tr><tr><td class=\"has-text-align-left\" data-align=\"left\">Zertifizierungen<\/td><td class=\"has-text-align-left\" data-align=\"left\">CE, UN38.3<\/td><\/tr><tr><td class=\"has-text-align-left\" data-align=\"left\">Garantie<\/td><td class=\"has-text-align-left\" data-align=\"left\">2 Jahre, 3 Jahre als Option<\/td><\/tr><tr><td class=\"has-text-align-left\" data-align=\"left\">Preis bis zu 10 St\u00fcck<\/td><td class=\"has-text-align-left\" data-align=\"left\">auf Anfrage, deutlich wettbewerbsf\u00e4hig<\/td><\/tr><tr><td class=\"has-text-align-left\" data-align=\"left\">Preis mehr als 50 St\u00fcck<\/td><td class=\"has-text-align-left\" data-align=\"left\">auf Anfrage, deutlich wettbewerbsf\u00e4hig<\/td><\/tr><tr><td class=\"has-text-align-left\" data-align=\"left\">Gr\u00f6\u00dfere Betr\u00e4ge<\/td><td class=\"has-text-align-left\" data-align=\"left\">auf Anfrage, deutlich wettbewerbsf\u00e4hig<\/td><\/tr><\/tbody><\/table><\/figure>\n\n\n\n<div style=\"height:43px\" aria-hidden=\"true\" class=\"wp-block-spacer\"><\/div>\n\n\n\n\n\n<div style=\"height:120px\" aria-hidden=\"true\" class=\"wp-block-spacer\"><\/div>\n\n\n\n<p><\/p>","protected":false},"excerpt":{"rendered":"<p>Battery High Voltage \/ Super High Power Packs The LiHv (Lithium High Voltage) batteries are more energy-intensive than traditional LiPo (Lithium iron phosphate) batteries. It is the product of the nominal voltage and the capacity of a battery divided by the batteries volume or weight. Based on the limited space and weight of the power&#8230;<\/p>","protected":false},"author":3,"featured_media":0,"parent":0,"menu_order":0,"comment_status":"closed","ping_status":"closed","template":"","meta":{"om_disable_all_campaigns":false,"_kb_optimizer_status":0,"_kad_blocks_custom_css":"","_kad_blocks_head_custom_js":"","_kad_blocks_body_custom_js":"","_kad_blocks_footer_custom_js":"","_uf_show_specific_survey":0,"_uf_disable_surveys":false,"_kadence_starter_templates_imported_post":false,"_kad_post_transparent":"","_kad_post_title":"","_kad_post_layout":"","_kad_post_sidebar_id":"","_kad_post_content_style":"","_kad_post_vertical_padding":"","_kad_post_feature":"","_kad_post_feature_position":"","_kad_post_header":false,"_kad_post_footer":false,"_kad_post_classname":"","footnotes":""},"class_list":["post-2779","page","type-page","status-publish","hentry"],"yoast_head":"<!-- This site is optimized with the Yoast SEO Premium plugin v26.9 (Yoast SEO v27.1.1) - https:\/\/yoast.com\/product\/yoast-seo-premium-wordpress\/ -->\n<title>Battery HV High Power - EPTechnologies - Silent Sailing<\/title>\n<meta name=\"description\" content=\"The LiHv (Lithium High Voltage) batteries are more energy-intensive than traditional LiPo ( lithium-ion polymer battery) batteries\" \/>\n<meta name=\"robots\" content=\"index, follow, max-snippet:-1, max-image-preview:large, max-video-preview:-1\" \/>\n<link rel=\"canonical\" href=\"https:\/\/eptechnologies.dk\/de\/batterie-hohe-spannung-hohe-leistung\/\" \/>\n<meta property=\"og:locale\" content=\"de_DE\" \/>\n<meta property=\"og:type\" content=\"article\" \/>\n<meta property=\"og:title\" content=\"Battery HV High Power\" \/>\n<meta property=\"og:description\" content=\"Battery High Voltage \/ Super High Power Packs The LiHv (Lithium High Voltage) batteries are more energy-intensive than traditional LiPo (Lithium iron\" \/>\n<meta property=\"og:url\" content=\"https:\/\/eptechnologies.dk\/de\/batterie-hohe-spannung-hohe-leistung\/\" \/>\n<meta property=\"og:site_name\" content=\"EPTechnologies - Silent Sailing\" \/>\n<meta property=\"article:publisher\" content=\"https:\/\/www.facebook.com\/Silentboats\/\" \/>\n<meta property=\"article:modified_time\" content=\"2022-09-23T09:22:20+00:00\" \/>\n<meta name=\"twitter:card\" content=\"summary_large_image\" \/>\n<meta name=\"twitter:label1\" content=\"Gesch\u00e4tzte Lesezeit\" \/>\n\t<meta name=\"twitter:data1\" content=\"1\u00a0Minute\" \/>\n<script type=\"application\/ld+json\" class=\"yoast-schema-graph\">{\"@context\":\"https:\/\/schema.org\",\"@graph\":[{\"@type\":\"WebPage\",\"@id\":\"https:\/\/eptechnologies.dk\/battery-high-voltage-high-power\/\",\"url\":\"https:\/\/eptechnologies.dk\/battery-high-voltage-high-power\/\",\"name\":\"Battery HV High Power - EPTechnologies - Silent Sailing\",\"isPartOf\":{\"@id\":\"https:\/\/eptechnologies.dk\/#website\"},\"datePublished\":\"2021-03-04T09:55:39+00:00\",\"dateModified\":\"2022-09-23T09:22:20+00:00\",\"description\":\"The LiHv (Lithium High Voltage) batteries are more energy-intensive than traditional LiPo ( lithium-ion polymer battery) batteries\",\"breadcrumb\":{\"@id\":\"https:\/\/eptechnologies.dk\/battery-high-voltage-high-power\/#breadcrumb\"},\"inLanguage\":\"de\",\"potentialAction\":[{\"@type\":\"ReadAction\",\"target\":[\"https:\/\/eptechnologies.dk\/battery-high-voltage-high-power\/\"]}]},{\"@type\":\"BreadcrumbList\",\"@id\":\"https:\/\/eptechnologies.dk\/battery-high-voltage-high-power\/#breadcrumb\",\"itemListElement\":[{\"@type\":\"ListItem\",\"position\":1,\"name\":\"Home\",\"item\":\"https:\/\/eptechnologies.dk\/\"},{\"@type\":\"ListItem\",\"position\":2,\"name\":\"Battery HV High Power\"}]},{\"@type\":\"WebSite\",\"@id\":\"https:\/\/eptechnologies.dk\/#website\",\"url\":\"https:\/\/eptechnologies.dk\/\",\"name\":\"Eptechnologies - Silent Sailing\",\"description\":\"Energy Powered Technologies\",\"publisher\":{\"@id\":\"https:\/\/eptechnologies.dk\/#organization\"},\"alternateName\":\"EPT\",\"potentialAction\":[{\"@type\":\"SearchAction\",\"target\":{\"@type\":\"EntryPoint\",\"urlTemplate\":\"https:\/\/eptechnologies.dk\/?s={search_term_string}\"},\"query-input\":{\"@type\":\"PropertyValueSpecification\",\"valueRequired\":true,\"valueName\":\"search_term_string\"}}],\"inLanguage\":\"de\"},{\"@type\":\"Organization\",\"@id\":\"https:\/\/eptechnologies.dk\/#organization\",\"name\":\"EPTechnologies\",\"url\":\"https:\/\/eptechnologies.dk\/\",\"logo\":{\"@type\":\"ImageObject\",\"inLanguage\":\"de\",\"@id\":\"https:\/\/eptechnologies.dk\/#\/schema\/logo\/image\/\",\"url\":\"https:\/\/eptechnologies.dk\/wp-content\/uploads\/2022\/11\/EPTechnologies_logo.png\",\"contentUrl\":\"https:\/\/eptechnologies.dk\/wp-content\/uploads\/2022\/11\/EPTechnologies_logo.png\",\"width\":1181,\"height\":191,\"caption\":\"EPTechnologies\"},\"image\":{\"@id\":\"https:\/\/eptechnologies.dk\/#\/schema\/logo\/image\/\"},\"sameAs\":[\"https:\/\/www.facebook.com\/Silentboats\/\",\"https:\/\/www.instagram.com\/eptechnologies1\/\",\"https:\/\/www.linkedin.com\/company\/eptechnologies\/\",\"https:\/\/www.youtube.com\/@eptechnologies8242\"],\"description\":\"EPTechnologies provides electric and hybrid marine propulsion systems, including batteries, drives, generators and control software for marine applications.\",\"email\":\"sales@eptechnologies.de\",\"telephone\":\"+45 30 20 96 94\",\"legalName\":\"EPTechnologies ApS\",\"foundingDate\":\"2015-02-03\",\"vatID\":\"32327532\",\"numberOfEmployees\":{\"@type\":\"QuantitativeValue\",\"minValue\":\"51\",\"maxValue\":\"200\"}}]}<\/script>\n<!-- \/ Yoast SEO Premium plugin. -->","yoast_head_json":{"title":"Batterie HV High Power - EPTechnologies - Silent Sailing","description":"Die LiHv-Batterien (Lithium High Voltage) sind energieintensiver als herk\u00f6mmliche LiPo-Batterien (Lithium-Ionen-Polymer-Akkus).","robots":{"index":"index","follow":"follow","max-snippet":"max-snippet:-1","max-image-preview":"max-image-preview:large","max-video-preview":"max-video-preview:-1"},"canonical":"https:\/\/eptechnologies.dk\/de\/batterie-hohe-spannung-hohe-leistung\/","og_locale":"de_DE","og_type":"article","og_title":"Battery HV High Power","og_description":"Battery High Voltage \/ Super High Power Packs The LiHv (Lithium High Voltage) batteries are more energy-intensive than traditional LiPo (Lithium iron","og_url":"https:\/\/eptechnologies.dk\/de\/batterie-hohe-spannung-hohe-leistung\/","og_site_name":"EPTechnologies - Silent Sailing","article_publisher":"https:\/\/www.facebook.com\/Silentboats\/","article_modified_time":"2022-09-23T09:22:20+00:00","twitter_card":"summary_large_image","twitter_misc":{"Gesch\u00e4tzte Lesezeit":"1\u00a0Minute"},"schema":{"@context":"https:\/\/schema.org","@graph":[{"@type":"WebPage","@id":"https:\/\/eptechnologies.dk\/battery-high-voltage-high-power\/","url":"https:\/\/eptechnologies.dk\/battery-high-voltage-high-power\/","name":"Batterie HV High Power - EPTechnologies - Silent Sailing","isPartOf":{"@id":"https:\/\/eptechnologies.dk\/#website"},"datePublished":"2021-03-04T09:55:39+00:00","dateModified":"2022-09-23T09:22:20+00:00","description":"Die LiHv-Batterien (Lithium High Voltage) sind energieintensiver als herk\u00f6mmliche LiPo-Batterien (Lithium-Ionen-Polymer-Akkus).","breadcrumb":{"@id":"https:\/\/eptechnologies.dk\/battery-high-voltage-high-power\/#breadcrumb"},"inLanguage":"de","potentialAction":[{"@type":"ReadAction","target":["https:\/\/eptechnologies.dk\/battery-high-voltage-high-power\/"]}]},{"@type":"BreadcrumbList","@id":"https:\/\/eptechnologies.dk\/battery-high-voltage-high-power\/#breadcrumb","itemListElement":[{"@type":"ListItem","position":1,"name":"Home","item":"https:\/\/eptechnologies.dk\/"},{"@type":"ListItem","position":2,"name":"Battery HV High Power"}]},{"@type":"WebSite","@id":"https:\/\/eptechnologies.dk\/#website","url":"https:\/\/eptechnologies.dk\/","name":"Eptechnologies - Lautloses Segeln","description":"Energiebetriebene Technologien","publisher":{"@id":"https:\/\/eptechnologies.dk\/#organization"},"alternateName":"EPT","potentialAction":[{"@type":"SearchAction","target":{"@type":"EntryPoint","urlTemplate":"https:\/\/eptechnologies.dk\/?s={search_term_string}"},"query-input":{"@type":"PropertyValueSpecification","valueRequired":true,"valueName":"search_term_string"}}],"inLanguage":"de"},{"@type":"Organization","@id":"https:\/\/eptechnologies.dk\/#organization","name":"EPTechnologien","url":"https:\/\/eptechnologies.dk\/","logo":{"@type":"ImageObject","inLanguage":"de","@id":"https:\/\/eptechnologies.dk\/#\/schema\/logo\/image\/","url":"https:\/\/eptechnologies.dk\/wp-content\/uploads\/2022\/11\/EPTechnologies_logo.png","contentUrl":"https:\/\/eptechnologies.dk\/wp-content\/uploads\/2022\/11\/EPTechnologies_logo.png","width":1181,"height":191,"caption":"EPTechnologies"},"image":{"@id":"https:\/\/eptechnologies.dk\/#\/schema\/logo\/image\/"},"sameAs":["https:\/\/www.facebook.com\/Silentboats\/","https:\/\/www.instagram.com\/eptechnologies1\/","https:\/\/www.linkedin.com\/company\/eptechnologies\/","https:\/\/www.youtube.com\/@eptechnologies8242"],"description":"EPTechnologies liefert elektrische und hybride Schiffsantriebssysteme, einschlie\u00dflich Batterien, Antriebe, Generatoren und Steuerungssoftware f\u00fcr Schiffsanwendungen.","email":"sales@eptechnologies.de","telephone":"+45 30 20 96 94","legalName":"EPTechnologies ApS","foundingDate":"2015-02-03","vatID":"32327532","numberOfEmployees":{"@type":"QuantitativeValue","minValue":"51","maxValue":"200"}}]}},"taxonomy_info":[],"featured_image_src_large":false,"author_info":{"display_name":"Anne","author_link":"https:\/\/eptechnologies.dk\/de\/author\/marco\/"},"comment_info":0,"_links":{"self":[{"href":"https:\/\/eptechnologies.dk\/de\/wp-json\/wp\/v2\/pages\/2779","targetHints":{"allow":["GET"]}}],"collection":[{"href":"https:\/\/eptechnologies.dk\/de\/wp-json\/wp\/v2\/pages"}],"about":[{"href":"https:\/\/eptechnologies.dk\/de\/wp-json\/wp\/v2\/types\/page"}],"author":[{"embeddable":true,"href":"https:\/\/eptechnologies.dk\/de\/wp-json\/wp\/v2\/users\/3"}],"replies":[{"embeddable":true,"href":"https:\/\/eptechnologies.dk\/de\/wp-json\/wp\/v2\/comments?post=2779"}],"version-history":[{"count":0,"href":"https:\/\/eptechnologies.dk\/de\/wp-json\/wp\/v2\/pages\/2779\/revisions"}],"wp:attachment":[{"href":"https:\/\/eptechnologies.dk\/de\/wp-json\/wp\/v2\/media?parent=2779"}],"curies":[{"name":"wp","href":"https:\/\/api.w.org\/{rel}","templated":true}]}}