{"id":1507,"date":"2020-09-01T12:50:26","date_gmt":"2020-09-01T12:50:26","guid":{"rendered":"https:\/\/eptechnologies.dk\/?page_id=1507"},"modified":"2020-09-01T12:50:27","modified_gmt":"2020-09-01T12:50:27","slug":"lentreprise","status":"publish","type":"page","link":"https:\/\/eptechnologies.dk\/fr\/lentreprise\/","title":{"rendered":"L'entreprise"},"content":{"rendered":"","protected":false},"excerpt":{"rendered":"","protected":false},"author":3,"featured_media":0,"parent":0,"menu_order":0,"comment_status":"closed","ping_status":"closed","template":"","meta":{"om_disable_all_campaigns":false,"_kb_optimizer_status":0,"_kad_blocks_custom_css":"","_kad_blocks_head_custom_js":"","_kad_blocks_body_custom_js":"","_kad_blocks_footer_custom_js":"","_uf_show_specific_survey":0,"_uf_disable_surveys":false,"_kadence_starter_templates_imported_post":false,"_kad_post_transparent":"","_kad_post_title":"","_kad_post_layout":"","_kad_post_sidebar_id":"","_kad_post_content_style":"","_kad_post_vertical_padding":"","_kad_post_feature":"","_kad_post_feature_position":"","_kad_post_header":false,"_kad_post_footer":false,"_kad_post_classname":"","footnotes":""},"class_list":["post-1507","page","type-page","status-publish","hentry"],"yoast_head":"<!-- This site is optimized with the Yoast SEO Premium plugin v26.9 (Yoast SEO v27.1.1) - https:\/\/yoast.com\/product\/yoast-seo-premium-wordpress\/ -->\n<title>The company - EPTechnologies - Silent Sailing<\/title>\n<meta name=\"robots\" content=\"index, follow, max-snippet:-1, max-image-preview:large, max-video-preview:-1\" \/>\n<link rel=\"canonical\" href=\"https:\/\/eptechnologies.dk\/fr\/lentreprise\/\" \/>\n<meta property=\"og:locale\" content=\"fr_FR\" \/>\n<meta property=\"og:type\" content=\"article\" \/>\n<meta property=\"og:title\" content=\"The company\" \/>\n<meta property=\"og:url\" content=\"https:\/\/eptechnologies.dk\/fr\/lentreprise\/\" \/>\n<meta property=\"og:site_name\" content=\"EPTechnologies - Silent Sailing\" \/>\n<meta property=\"article:publisher\" content=\"https:\/\/www.facebook.com\/Silentboats\/\" \/>\n<meta property=\"article:modified_time\" content=\"2020-09-01T12:50:27+00:00\" \/>\n<meta name=\"twitter:card\" content=\"summary_large_image\" \/>\n<script type=\"application\/ld+json\" class=\"yoast-schema-graph\">{\"@context\":\"https:\/\/schema.org\",\"@graph\":[{\"@type\":\"WebPage\",\"@id\":\"https:\/\/eptechnologies.dk\/the-company\/\",\"url\":\"https:\/\/eptechnologies.dk\/the-company\/\",\"name\":\"The company - EPTechnologies - Silent Sailing\",\"isPartOf\":{\"@id\":\"https:\/\/eptechnologies.dk\/#website\"},\"datePublished\":\"2020-09-01T12:50:26+00:00\",\"dateModified\":\"2020-09-01T12:50:27+00:00\",\"breadcrumb\":{\"@id\":\"https:\/\/eptechnologies.dk\/the-company\/#breadcrumb\"},\"inLanguage\":\"fr-FR\",\"potentialAction\":[{\"@type\":\"ReadAction\",\"target\":[\"https:\/\/eptechnologies.dk\/the-company\/\"]}]},{\"@type\":\"BreadcrumbList\",\"@id\":\"https:\/\/eptechnologies.dk\/the-company\/#breadcrumb\",\"itemListElement\":[{\"@type\":\"ListItem\",\"position\":1,\"name\":\"Home\",\"item\":\"https:\/\/eptechnologies.dk\/\"},{\"@type\":\"ListItem\",\"position\":2,\"name\":\"The company\"}]},{\"@type\":\"WebSite\",\"@id\":\"https:\/\/eptechnologies.dk\/#website\",\"url\":\"https:\/\/eptechnologies.dk\/\",\"name\":\"Eptechnologies - Silent Sailing\",\"description\":\"Energy Powered Technologies\",\"publisher\":{\"@id\":\"https:\/\/eptechnologies.dk\/#organization\"},\"alternateName\":\"EPT\",\"potentialAction\":[{\"@type\":\"SearchAction\",\"target\":{\"@type\":\"EntryPoint\",\"urlTemplate\":\"https:\/\/eptechnologies.dk\/?s={search_term_string}\"},\"query-input\":{\"@type\":\"PropertyValueSpecification\",\"valueRequired\":true,\"valueName\":\"search_term_string\"}}],\"inLanguage\":\"fr-FR\"},{\"@type\":\"Organization\",\"@id\":\"https:\/\/eptechnologies.dk\/#organization\",\"name\":\"EPTechnologies\",\"url\":\"https:\/\/eptechnologies.dk\/\",\"logo\":{\"@type\":\"ImageObject\",\"inLanguage\":\"fr-FR\",\"@id\":\"https:\/\/eptechnologies.dk\/#\/schema\/logo\/image\/\",\"url\":\"https:\/\/eptechnologies.dk\/wp-content\/uploads\/2022\/11\/EPTechnologies_logo.png\",\"contentUrl\":\"https:\/\/eptechnologies.dk\/wp-content\/uploads\/2022\/11\/EPTechnologies_logo.png\",\"width\":1181,\"height\":191,\"caption\":\"EPTechnologies\"},\"image\":{\"@id\":\"https:\/\/eptechnologies.dk\/#\/schema\/logo\/image\/\"},\"sameAs\":[\"https:\/\/www.facebook.com\/Silentboats\/\",\"https:\/\/www.instagram.com\/eptechnologies1\/\",\"https:\/\/www.linkedin.com\/company\/eptechnologies\/\",\"https:\/\/www.youtube.com\/@eptechnologies8242\"],\"description\":\"EPTechnologies provides electric and hybrid marine propulsion systems, including batteries, drives, generators and control software for marine applications.\",\"email\":\"sales@eptechnologies.de\",\"telephone\":\"+45 30 20 96 94\",\"legalName\":\"EPTechnologies ApS\",\"foundingDate\":\"2015-02-03\",\"vatID\":\"32327532\",\"numberOfEmployees\":{\"@type\":\"QuantitativeValue\",\"minValue\":\"51\",\"maxValue\":\"200\"}}]}<\/script>\n<!-- \/ Yoast SEO Premium plugin. -->","yoast_head_json":{"title":"L'entreprise - EPTechnologies - Silent Sailing","robots":{"index":"index","follow":"follow","max-snippet":"max-snippet:-1","max-image-preview":"max-image-preview:large","max-video-preview":"max-video-preview:-1"},"canonical":"https:\/\/eptechnologies.dk\/fr\/lentreprise\/","og_locale":"fr_FR","og_type":"article","og_title":"The company","og_url":"https:\/\/eptechnologies.dk\/fr\/lentreprise\/","og_site_name":"EPTechnologies - Silent Sailing","article_publisher":"https:\/\/www.facebook.com\/Silentboats\/","article_modified_time":"2020-09-01T12:50:27+00:00","twitter_card":"summary_large_image","schema":{"@context":"https:\/\/schema.org","@graph":[{"@type":"WebPage","@id":"https:\/\/eptechnologies.dk\/the-company\/","url":"https:\/\/eptechnologies.dk\/the-company\/","name":"L'entreprise - EPTechnologies - Silent Sailing","isPartOf":{"@id":"https:\/\/eptechnologies.dk\/#website"},"datePublished":"2020-09-01T12:50:26+00:00","dateModified":"2020-09-01T12:50:27+00:00","breadcrumb":{"@id":"https:\/\/eptechnologies.dk\/the-company\/#breadcrumb"},"inLanguage":"fr-FR","potentialAction":[{"@type":"ReadAction","target":["https:\/\/eptechnologies.dk\/the-company\/"]}]},{"@type":"BreadcrumbList","@id":"https:\/\/eptechnologies.dk\/the-company\/#breadcrumb","itemListElement":[{"@type":"ListItem","position":1,"name":"Home","item":"https:\/\/eptechnologies.dk\/"},{"@type":"ListItem","position":2,"name":"The company"}]},{"@type":"WebSite","@id":"https:\/\/eptechnologies.dk\/#website","url":"https:\/\/eptechnologies.dk\/","name":"Eptechnologies - Navigation silencieuse","description":"Technologies aliment\u00e9es par l'\u00e9nergie","publisher":{"@id":"https:\/\/eptechnologies.dk\/#organization"},"alternateName":"EPT","potentialAction":[{"@type":"SearchAction","target":{"@type":"EntryPoint","urlTemplate":"https:\/\/eptechnologies.dk\/?s={search_term_string}"},"query-input":{"@type":"PropertyValueSpecification","valueRequired":true,"valueName":"search_term_string"}}],"inLanguage":"fr-FR"},{"@type":"Organization","@id":"https:\/\/eptechnologies.dk\/#organization","name":"EPTechnologies","url":"https:\/\/eptechnologies.dk\/","logo":{"@type":"ImageObject","inLanguage":"fr-FR","@id":"https:\/\/eptechnologies.dk\/#\/schema\/logo\/image\/","url":"https:\/\/eptechnologies.dk\/wp-content\/uploads\/2022\/11\/EPTechnologies_logo.png","contentUrl":"https:\/\/eptechnologies.dk\/wp-content\/uploads\/2022\/11\/EPTechnologies_logo.png","width":1181,"height":191,"caption":"EPTechnologies"},"image":{"@id":"https:\/\/eptechnologies.dk\/#\/schema\/logo\/image\/"},"sameAs":["https:\/\/www.facebook.com\/Silentboats\/","https:\/\/www.instagram.com\/eptechnologies1\/","https:\/\/www.linkedin.com\/company\/eptechnologies\/","https:\/\/www.youtube.com\/@eptechnologies8242"],"description":"EPTechnologies fournit des syst\u00e8mes de propulsion marine \u00e9lectrique et hybride, y compris des batteries, des entra\u00eenements, des g\u00e9n\u00e9rateurs et des logiciels de contr\u00f4le pour les applications marines.","email":"sales@eptechnologies.de","telephone":"+45 30 20 96 94","legalName":"EPTechnologies ApS","foundingDate":"2015-02-03","vatID":"32327532","numberOfEmployees":{"@type":"QuantitativeValue","minValue":"51","maxValue":"200"}}]}},"taxonomy_info":[],"featured_image_src_large":false,"author_info":{"display_name":"Anne","author_link":"https:\/\/eptechnologies.dk\/fr\/author\/marco\/"},"comment_info":0,"_links":{"self":[{"href":"https:\/\/eptechnologies.dk\/fr\/wp-json\/wp\/v2\/pages\/1507","targetHints":{"allow":["GET"]}}],"collection":[{"href":"https:\/\/eptechnologies.dk\/fr\/wp-json\/wp\/v2\/pages"}],"about":[{"href":"https:\/\/eptechnologies.dk\/fr\/wp-json\/wp\/v2\/types\/page"}],"author":[{"embeddable":true,"href":"https:\/\/eptechnologies.dk\/fr\/wp-json\/wp\/v2\/users\/3"}],"replies":[{"embeddable":true,"href":"https:\/\/eptechnologies.dk\/fr\/wp-json\/wp\/v2\/comments?post=1507"}],"version-history":[{"count":0,"href":"https:\/\/eptechnologies.dk\/fr\/wp-json\/wp\/v2\/pages\/1507\/revisions"}],"wp:attachment":[{"href":"https:\/\/eptechnologies.dk\/fr\/wp-json\/wp\/v2\/media?parent=1507"}],"curies":[{"name":"wp","href":"https:\/\/api.w.org\/{rel}","templated":true}]}}